{"id":2,"date":"2026-01-13T07:14:56","date_gmt":"2026-01-13T07:14:56","guid":{"rendered":"https:\/\/youthcounseling.org\/?page_id=2"},"modified":"2026-01-13T07:14:56","modified_gmt":"2026-01-13T07:14:56","slug":"sample-page","status":"publish","type":"page","link":"https:\/\/youthcounseling.org\/fr\/sample-page\/","title":{"rendered":"Exemple de page"},"content":{"rendered":"<p>Ceci est une page d'exemple. Elle diff\u00e8re d'un article de blog car elle restera statique et appara\u00eetra dans le menu de navigation de votre site (dans la plupart des th\u00e8mes). La plupart des gens commencent par une page \u00ab\u00a0\u00c0 propos\u00a0\u00bb qui leur permet de se pr\u00e9senter aux visiteurs potentiels. On pourrait y lire quelque chose comme ceci\u00a0:<\/p><blockquote class=\"wp-block-quote is-layout-flow wp-block-quote-is-layout-flow\"><p>Salut ! Je suis coursier \u00e0 v\u00e9lo le jour, com\u00e9dien en herbe le soir, et voici mon site web. J'habite \u00e0 Los Angeles, j'ai un super chien qui s'appelle Jack, et j'aime les pi\u00f1a coladas. (Et me faire surprendre par la pluie.)<\/p><\/blockquote><p>\u2026ou quelque chose comme \u00e7a\u00a0:<\/p><blockquote class=\"wp-block-quote is-layout-flow wp-block-quote-is-layout-flow\"><p>La soci\u00e9t\u00e9 XYZ Doohickey a \u00e9t\u00e9 fond\u00e9e en 1971 et fournit depuis lors des gadgets de qualit\u00e9 au public. Situ\u00e9e \u00e0 Gotham City, XYZ emploie plus de 2\u00a0000 personnes et r\u00e9alise de nombreuses actions formidables pour la communaut\u00e9 de Gotham.<\/p><\/blockquote><p>En tant que nouvel utilisateur WordPress, vous devriez vous rendre sur <a href=\"https:\/\/youthcounseling.org\/wp-admin\/\">votre tableau de bord<\/a> Pour supprimer cette page et cr\u00e9er de nouvelles pages pour votre contenu, amusez-vous bien !<\/p>","protected":false},"excerpt":{"rendered":"<p>This is an example page. It&#8217;s different from a blog post because it will stay in one place and will show up in your site navigation (in most themes). Most people start with an About page that introduces them to potential site visitors. It might say something like this: Hi there! I&#8217;m a bike messenger [&hellip;]<\/p>","protected":false},"author":1,"featured_media":0,"parent":0,"menu_order":0,"comment_status":"closed","ping_status":"open","template":"","meta":{"_et_pb_use_builder":"","_et_pb_old_content":"","_et_gb_content_width":"","footnotes":""},"class_list":["post-2","page","type-page","status-publish","hentry"],"_links":{"self":[{"href":"https:\/\/youthcounseling.org\/fr\/wp-json\/wp\/v2\/pages\/2","targetHints":{"allow":["GET"]}}],"collection":[{"href":"https:\/\/youthcounseling.org\/fr\/wp-json\/wp\/v2\/pages"}],"about":[{"href":"https:\/\/youthcounseling.org\/fr\/wp-json\/wp\/v2\/types\/page"}],"author":[{"embeddable":true,"href":"https:\/\/youthcounseling.org\/fr\/wp-json\/wp\/v2\/users\/1"}],"replies":[{"embeddable":true,"href":"https:\/\/youthcounseling.org\/fr\/wp-json\/wp\/v2\/comments?post=2"}],"version-history":[{"count":0,"href":"https:\/\/youthcounseling.org\/fr\/wp-json\/wp\/v2\/pages\/2\/revisions"}],"wp:attachment":[{"href":"https:\/\/youthcounseling.org\/fr\/wp-json\/wp\/v2\/media?parent=2"}],"curies":[{"name":"wp","href":"https:\/\/api.w.org\/{rel}","templated":true}]}}